{"id":3794,"date":"2024-01-05T09:52:09","date_gmt":"2024-01-05T08:52:09","guid":{"rendered":"https:\/\/domainevervier.fr\/product\/pinot-noir-cuvee-matheo\/"},"modified":"2025-06-05T08:55:41","modified_gmt":"2025-06-05T06:55:41","slug":"pinot-noir-cuvee-matheo","status":"publish","type":"product","link":"https:\/\/domainevervier.fr\/en\/product\/pinot-noir-cuvee-matheo\/","title":{"rendered":"Pinot Noir Cuv\u00e9e Math\u00e9o"},"content":{"rendered":"<section class=\"wpb-content-wrapper\"><p>[vc_row equal_height=&#8221;yes&#8221; content_placement=&#8221;middle&#8221; css_animation=&#8221;&#8221; css=&#8221;.vc_custom_1636231000384{padding-top: 0px !important;padding-bottom: 0px !important;}&#8221;][vc_column css_animation=&#8221;&#8221; css=&#8221;.vc_custom_1636230994456{padding-top: 20% !important;padding-right: 20% !important;padding-bottom: 20% !important;padding-left: 20% !important;background-color: #121212 !important;}&#8221; offset=&#8221;vc_col-lg-6 vc_col-md-6&#8243;]\n\t<div class=\"title-subtitle-box \" style=\" text-align: left;\">\n\t\t<p  style=\"\">2020<\/p>\n\t\t<h1 style=\" font-style: normal;\">Tasting<\/h1>\n\t<\/div> [vc_column_text css_animation=&#8221;&#8221; css=&#8221;.vc_custom_1704813420742{margin-bottom: 0px !important;}&#8221;]Our Pinot Noir is very light and fruity, with a light red color. Notes of raspberry, blackcurrant and redcurrant.[\/vc_column_text][\/vc_column][vc_column css_animation=&#8221;&#8221; css=&#8221;.vc_custom_1709893138515{padding-top: 0px !important;padding-right: 0px !important;padding-bottom: 0px !important;padding-left: 0px !important;background-image: url(http:\/\/domainevervier.fr\/wp-content\/uploads\/2024\/01\/Degustations-vins-pouilly-fuisse.png?id=3502) !important;background-position: center !important;background-repeat: no-repeat !important;background-size: cover !important;}&#8221; offset=&#8221;vc_col-lg-6 vc_col-md-6&#8243;][vc_empty_space height=&#8221;500px&#8221; height_tablet=&#8221;400px&#8221; height_mobile=&#8221;400px&#8221;][\/vc_column][\/vc_row][vc_row equal_height=&#8221;yes&#8221; content_placement=&#8221;middle&#8221; reverse_columns_mobile=&#8221;yes&#8221; css_animation=&#8221;&#8221; css=&#8221;.vc_custom_1709893165192{padding-top: 0px !important;padding-bottom: 0px !important;}&#8221;][vc_column css_animation=&#8221;&#8221; css=&#8221;.vc_custom_1709893175386{padding-top: 0px !important;padding-right: 0px !important;padding-bottom: 0px !important;padding-left: 0px !important;background-image: url(http:\/\/domainevervier.fr\/wp-content\/uploads\/2024\/01\/Degustation-Pinot-noir-Domaine-vervier.png?id=3504) !important;background-position: center !important;background-repeat: no-repeat !important;background-size: cover !important;}&#8221; offset=&#8221;vc_col-lg-6 vc_col-md-6&#8243;][vc_empty_space height=&#8221;500px&#8221; height_tablet=&#8221;400px&#8221; height_mobile=&#8221;400px&#8221;][\/vc_column][vc_column css_animation=&#8221;&#8221; css=&#8221;.vc_custom_1636231018665{padding-top: 20% !important;padding-right: 20% !important;padding-bottom: 20% !important;padding-left: 20% !important;background-color: #121212 !important;}&#8221; offset=&#8221;vc_col-lg-6 vc_col-md-6&#8243;]\n\t<div class=\"title-subtitle-box \" style=\" text-align: left;\">\n\t\t<p  style=\"\">2022<\/p>\n\t\t<h1 style=\" font-style: normal;\">Wine and food pairing<\/h1>\n\t<\/div> [vc_column_text css_animation=&#8221;&#8221;]<\/p>\n<p class=\"cvGsUA direction-ltr align-justify para-style-body\"><span class=\"OYPEnA text-decoration-none text-strikethrough-none\">Ideal as an aperitif, with fine charcuterie or soft cheeses.<\/span><\/p>\n<p class=\"cvGsUA direction-ltr align-justify para-style-body\"><span class=\"OYPEnA text-decoration-none text-strikethrough-none\"><span style=\"vertical-align: inherit;\"><span style=\"vertical-align: inherit;\">Also goes well with light dishes such as mixed salads, pasta with tomato sauce or grilled poultry dishes.<\/span><\/span><\/span><\/p>\n<p><span style=\"vertical-align: inherit;\"><span style=\"vertical-align: inherit;\">[\/vc_column_text][\/vc_column][\/vc_row][vc_row equal_height=&#8221;oui&#8221; content_placement=&#8221;milieu&#8221; css_animation=&#8221;&#8221; css=&#8221;.vc_custom_1636231059071{padding-top: 0px !important;padding-bottom: 0px !important;}&#8221;][vc_column css_animation=&#8221;&#8221; css=&#8221;.vc_custom_1636231052207{padding-top: 20% !important;padding-right: 20% !important;padding-bottom: 20% !important;padding-left: 20% !important;background-color: #121212 !important;}&#8221; offset=&#8221;vc_col-lg-6 vc_col-md-6&#8243;]\n\t<div class=\"title-subtitle-box \" style=\" text-align: left;\">\n\t\t<p  style=\"\">2022<\/p>\n\t\t<h1 style=\" font-style: normal;\">Winemaking<\/h1>\n\t<\/div> [vc_column_text css_animation=&#8221;&#8221;] <\/span><\/span><span class=\"OYPEnA text-strikethrough-none text-decoration-none\"><span style=\"vertical-align: inherit;\"><span style=\"vertical-align: inherit;\">The sultanas are hand-picked when fully ripe. Part of the cuv\u00e9e is aged in stainless steel vats to preserve its freshness and lightness, while another part is aged in oak barrels to bring more complexity and structure to the wine.<\/span><\/span><\/span><span style=\"vertical-align: inherit;\"><span style=\"vertical-align: inherit;\"> [\/vc_column_text][\/vc_column][vc_column css_animation=&#8221;&#8221; css=&#8221;.vc_custom_1709893196922{padding-top: 0px !important;padding-right: 0px !important;padding-bottom: 0px !important;padding-left: 0px !important;background-image: url(http:\/\/domainevervier.fr\/wp-content\/uploads\/2016\/03\/image2.jpg?id=3334) !important;background-position: center !important;background-repeat: no-repeat !important;background-size: cover !important;}&#8221; offset=&#8221;vc_col-lg-6 vc_col-md-6&#8243;][vc_empty_space height=&#8221;500px&#8221; height_tablet=&#8221;400px&#8221; hauteur_mobile=&#8221;400px&#8221;][\/vc_column][\/vc_row]<\/span><\/span><\/p>\n<\/section>","protected":false},"excerpt":{"rendered":"<p><span style=\"vertical-align: inherit;\"><span style=\"vertical-align: inherit;\">Our Pinot Noir is very light and fruity, with a very light red colour.<\/span><\/span><\/p>\n","protected":false},"featured_media":3938,"template":"","meta":[],"product_brand":[],"product_cat":[62,70],"product_tag":[],"class_list":{"0":"post-3794","1":"product","2":"type-product","3":"status-publish","4":"has-post-thumbnail","6":"product_cat-our-wines","7":"product_cat-vins-rouges-en","9":"first","10":"instock","11":"shipping-taxable","12":"purchasable","13":"product-type-simple"},"acf":[],"yoast_head":"<!-- This site is optimized with the Yoast SEO plugin v27.4 - https:\/\/yoast.com\/product\/yoast-seo-wordpress\/ -->\n<title>Pinot Noir Cuv\u00e9e Math\u00e9o - Domaine Vervier<\/title>\n<meta name=\"description\" content=\"Discover Domaine Vervier&#039;s Pinot Noir Cuv\u00e9e Math\u00e9o: a light, fruity wine, ideal as an aperitif. Aged in oak barrels, it should be enjoyed between 11 and 13\u00b0C.\" \/>\n<meta name=\"robots\" content=\"index, follow, max-snippet:-1, max-image-preview:large, max-video-preview:-1\" \/>\n<link rel=\"canonical\" href=\"https:\/\/domainevervier.fr\/en\/product\/pinot-noir-cuvee-matheo\/\" \/>\n<meta property=\"og:locale\" content=\"en_US\" \/>\n<meta property=\"og:type\" content=\"article\" \/>\n<meta property=\"og:title\" content=\"Pinot Noir Cuv\u00e9e Math\u00e9o - Domaine Vervier\" \/>\n<meta property=\"og:description\" content=\"Discover Domaine Vervier&#039;s Pinot Noir Cuv\u00e9e Math\u00e9o: a light, fruity wine, ideal as an aperitif. Aged in oak barrels, it should be enjoyed between 11 and 13\u00b0C.\" \/>\n<meta property=\"og:url\" content=\"https:\/\/domainevervier.fr\/en\/product\/pinot-noir-cuvee-matheo\/\" \/>\n<meta property=\"og:site_name\" content=\"Domaine Vervier\" \/>\n<meta property=\"article:publisher\" content=\"https:\/\/www.facebook.com\/domainevervier\/?locale=fr_FR\" \/>\n<meta property=\"article:modified_time\" content=\"2025-06-05T06:55:41+00:00\" \/>\n<meta property=\"og:image\" content=\"https:\/\/domainevervier.fr\/wp-content\/uploads\/2024\/07\/magpassionphotographie-photographemacon-photographefamille-3-removebg-preview.png\" \/>\n\t<meta property=\"og:image:width\" content=\"408\" \/>\n\t<meta property=\"og:image:height\" content=\"612\" \/>\n\t<meta property=\"og:image:type\" content=\"image\/png\" \/>\n<meta name=\"twitter:card\" content=\"summary_large_image\" \/>\n<meta name=\"twitter:label1\" content=\"Est. reading time\" \/>\n\t<meta name=\"twitter:data1\" content=\"2 minutes\" \/>\n<script type=\"application\/ld+json\" class=\"yoast-schema-graph\">{\"@context\":\"https:\\\/\\\/schema.org\",\"@graph\":[{\"@type\":\"WebPage\",\"@id\":\"https:\\\/\\\/domainevervier.fr\\\/en\\\/product\\\/pinot-noir-cuvee-matheo\\\/\",\"url\":\"https:\\\/\\\/domainevervier.fr\\\/en\\\/product\\\/pinot-noir-cuvee-matheo\\\/\",\"name\":\"Pinot Noir Cuv\u00e9e Math\u00e9o - Domaine Vervier\",\"isPartOf\":{\"@id\":\"https:\\\/\\\/domainevervier.fr\\\/#website\"},\"primaryImageOfPage\":{\"@id\":\"https:\\\/\\\/domainevervier.fr\\\/en\\\/product\\\/pinot-noir-cuvee-matheo\\\/#primaryimage\"},\"image\":{\"@id\":\"https:\\\/\\\/domainevervier.fr\\\/en\\\/product\\\/pinot-noir-cuvee-matheo\\\/#primaryimage\"},\"thumbnailUrl\":\"https:\\\/\\\/domainevervier.fr\\\/wp-content\\\/uploads\\\/2024\\\/07\\\/magpassionphotographie-photographemacon-photographefamille-3-removebg-preview.png\",\"datePublished\":\"2024-01-05T08:52:09+00:00\",\"dateModified\":\"2025-06-05T06:55:41+00:00\",\"description\":\"Discover Domaine Vervier's Pinot Noir Cuv\u00e9e Math\u00e9o: a light, fruity wine, ideal as an aperitif. Aged in oak barrels, it should be enjoyed between 11 and 13\u00b0C.\",\"breadcrumb\":{\"@id\":\"https:\\\/\\\/domainevervier.fr\\\/en\\\/product\\\/pinot-noir-cuvee-matheo\\\/#breadcrumb\"},\"inLanguage\":\"en-US\",\"potentialAction\":[{\"@type\":\"ReadAction\",\"target\":[\"https:\\\/\\\/domainevervier.fr\\\/en\\\/product\\\/pinot-noir-cuvee-matheo\\\/\"]}]},{\"@type\":\"ImageObject\",\"inLanguage\":\"en-US\",\"@id\":\"https:\\\/\\\/domainevervier.fr\\\/en\\\/product\\\/pinot-noir-cuvee-matheo\\\/#primaryimage\",\"url\":\"https:\\\/\\\/domainevervier.fr\\\/wp-content\\\/uploads\\\/2024\\\/07\\\/magpassionphotographie-photographemacon-photographefamille-3-removebg-preview.png\",\"contentUrl\":\"https:\\\/\\\/domainevervier.fr\\\/wp-content\\\/uploads\\\/2024\\\/07\\\/magpassionphotographie-photographemacon-photographefamille-3-removebg-preview.png\",\"width\":408,\"height\":612},{\"@type\":\"BreadcrumbList\",\"@id\":\"https:\\\/\\\/domainevervier.fr\\\/en\\\/product\\\/pinot-noir-cuvee-matheo\\\/#breadcrumb\",\"itemListElement\":[{\"@type\":\"ListItem\",\"position\":1,\"name\":\"Accueil\",\"item\":\"https:\\\/\\\/domainevervier.fr\\\/en\\\/home\\\/\"},{\"@type\":\"ListItem\",\"position\":2,\"name\":\"Store\",\"item\":\"https:\\\/\\\/domainevervier.fr\\\/en\\\/store\\\/\"},{\"@type\":\"ListItem\",\"position\":3,\"name\":\"Pinot Noir Cuv\u00e9e Math\u00e9o\"}]},{\"@type\":\"WebSite\",\"@id\":\"https:\\\/\\\/domainevervier.fr\\\/#website\",\"url\":\"https:\\\/\\\/domainevervier.fr\\\/\",\"name\":\"Domaine Vervier\",\"description\":\"Domaine Vervier\",\"publisher\":{\"@id\":\"https:\\\/\\\/domainevervier.fr\\\/#organization\"},\"potentialAction\":[{\"@type\":\"SearchAction\",\"target\":{\"@type\":\"EntryPoint\",\"urlTemplate\":\"https:\\\/\\\/domainevervier.fr\\\/?s={search_term_string}\"},\"query-input\":{\"@type\":\"PropertyValueSpecification\",\"valueRequired\":true,\"valueName\":\"search_term_string\"}}],\"inLanguage\":\"en-US\"},{\"@type\":\"Organization\",\"@id\":\"https:\\\/\\\/domainevervier.fr\\\/#organization\",\"name\":\"Domaine Vervier\",\"url\":\"https:\\\/\\\/domainevervier.fr\\\/\",\"logo\":{\"@type\":\"ImageObject\",\"inLanguage\":\"en-US\",\"@id\":\"https:\\\/\\\/domainevervier.fr\\\/#\\\/schema\\\/logo\\\/image\\\/\",\"url\":\"https:\\\/\\\/domainevervier.fr\\\/wp-content\\\/uploads\\\/2023\\\/11\\\/cropped-logo.png\",\"contentUrl\":\"https:\\\/\\\/domainevervier.fr\\\/wp-content\\\/uploads\\\/2023\\\/11\\\/cropped-logo.png\",\"width\":512,\"height\":512,\"caption\":\"Domaine Vervier\"},\"image\":{\"@id\":\"https:\\\/\\\/domainevervier.fr\\\/#\\\/schema\\\/logo\\\/image\\\/\"},\"sameAs\":[\"https:\\\/\\\/www.facebook.com\\\/domainevervier\\\/?locale=fr_FR\",\"https:\\\/\\\/www.instagram.com\\\/domainevervier\\\/\"]}]}<\/script>\n<!-- \/ Yoast SEO plugin. -->","yoast_head_json":{"title":"Pinot Noir Cuv\u00e9e Math\u00e9o - Domaine Vervier","description":"Discover Domaine Vervier's Pinot Noir Cuv\u00e9e Math\u00e9o: a light, fruity wine, ideal as an aperitif. Aged in oak barrels, it should be enjoyed between 11 and 13\u00b0C.","robots":{"index":"index","follow":"follow","max-snippet":"max-snippet:-1","max-image-preview":"max-image-preview:large","max-video-preview":"max-video-preview:-1"},"canonical":"https:\/\/domainevervier.fr\/en\/product\/pinot-noir-cuvee-matheo\/","og_locale":"en_US","og_type":"article","og_title":"Pinot Noir Cuv\u00e9e Math\u00e9o - Domaine Vervier","og_description":"Discover Domaine Vervier's Pinot Noir Cuv\u00e9e Math\u00e9o: a light, fruity wine, ideal as an aperitif. Aged in oak barrels, it should be enjoyed between 11 and 13\u00b0C.","og_url":"https:\/\/domainevervier.fr\/en\/product\/pinot-noir-cuvee-matheo\/","og_site_name":"Domaine Vervier","article_publisher":"https:\/\/www.facebook.com\/domainevervier\/?locale=fr_FR","article_modified_time":"2025-06-05T06:55:41+00:00","og_image":[{"width":408,"height":612,"url":"https:\/\/domainevervier.fr\/wp-content\/uploads\/2024\/07\/magpassionphotographie-photographemacon-photographefamille-3-removebg-preview.png","type":"image\/png"}],"twitter_card":"summary_large_image","twitter_misc":{"Est. reading time":"2 minutes"},"schema":{"@context":"https:\/\/schema.org","@graph":[{"@type":"WebPage","@id":"https:\/\/domainevervier.fr\/en\/product\/pinot-noir-cuvee-matheo\/","url":"https:\/\/domainevervier.fr\/en\/product\/pinot-noir-cuvee-matheo\/","name":"Pinot Noir Cuv\u00e9e Math\u00e9o - Domaine Vervier","isPartOf":{"@id":"https:\/\/domainevervier.fr\/#website"},"primaryImageOfPage":{"@id":"https:\/\/domainevervier.fr\/en\/product\/pinot-noir-cuvee-matheo\/#primaryimage"},"image":{"@id":"https:\/\/domainevervier.fr\/en\/product\/pinot-noir-cuvee-matheo\/#primaryimage"},"thumbnailUrl":"https:\/\/domainevervier.fr\/wp-content\/uploads\/2024\/07\/magpassionphotographie-photographemacon-photographefamille-3-removebg-preview.png","datePublished":"2024-01-05T08:52:09+00:00","dateModified":"2025-06-05T06:55:41+00:00","description":"Discover Domaine Vervier's Pinot Noir Cuv\u00e9e Math\u00e9o: a light, fruity wine, ideal as an aperitif. Aged in oak barrels, it should be enjoyed between 11 and 13\u00b0C.","breadcrumb":{"@id":"https:\/\/domainevervier.fr\/en\/product\/pinot-noir-cuvee-matheo\/#breadcrumb"},"inLanguage":"en-US","potentialAction":[{"@type":"ReadAction","target":["https:\/\/domainevervier.fr\/en\/product\/pinot-noir-cuvee-matheo\/"]}]},{"@type":"ImageObject","inLanguage":"en-US","@id":"https:\/\/domainevervier.fr\/en\/product\/pinot-noir-cuvee-matheo\/#primaryimage","url":"https:\/\/domainevervier.fr\/wp-content\/uploads\/2024\/07\/magpassionphotographie-photographemacon-photographefamille-3-removebg-preview.png","contentUrl":"https:\/\/domainevervier.fr\/wp-content\/uploads\/2024\/07\/magpassionphotographie-photographemacon-photographefamille-3-removebg-preview.png","width":408,"height":612},{"@type":"BreadcrumbList","@id":"https:\/\/domainevervier.fr\/en\/product\/pinot-noir-cuvee-matheo\/#breadcrumb","itemListElement":[{"@type":"ListItem","position":1,"name":"Accueil","item":"https:\/\/domainevervier.fr\/en\/home\/"},{"@type":"ListItem","position":2,"name":"Store","item":"https:\/\/domainevervier.fr\/en\/store\/"},{"@type":"ListItem","position":3,"name":"Pinot Noir Cuv\u00e9e Math\u00e9o"}]},{"@type":"WebSite","@id":"https:\/\/domainevervier.fr\/#website","url":"https:\/\/domainevervier.fr\/","name":"Domaine Vervier","description":"Domaine Vervier","publisher":{"@id":"https:\/\/domainevervier.fr\/#organization"},"potentialAction":[{"@type":"SearchAction","target":{"@type":"EntryPoint","urlTemplate":"https:\/\/domainevervier.fr\/?s={search_term_string}"},"query-input":{"@type":"PropertyValueSpecification","valueRequired":true,"valueName":"search_term_string"}}],"inLanguage":"en-US"},{"@type":"Organization","@id":"https:\/\/domainevervier.fr\/#organization","name":"Domaine Vervier","url":"https:\/\/domainevervier.fr\/","logo":{"@type":"ImageObject","inLanguage":"en-US","@id":"https:\/\/domainevervier.fr\/#\/schema\/logo\/image\/","url":"https:\/\/domainevervier.fr\/wp-content\/uploads\/2023\/11\/cropped-logo.png","contentUrl":"https:\/\/domainevervier.fr\/wp-content\/uploads\/2023\/11\/cropped-logo.png","width":512,"height":512,"caption":"Domaine Vervier"},"image":{"@id":"https:\/\/domainevervier.fr\/#\/schema\/logo\/image\/"},"sameAs":["https:\/\/www.facebook.com\/domainevervier\/?locale=fr_FR","https:\/\/www.instagram.com\/domainevervier\/"]}]}},"_links":{"self":[{"href":"https:\/\/domainevervier.fr\/en\/wp-json\/wp\/v2\/product\/3794","targetHints":{"allow":["GET"]}}],"collection":[{"href":"https:\/\/domainevervier.fr\/en\/wp-json\/wp\/v2\/product"}],"about":[{"href":"https:\/\/domainevervier.fr\/en\/wp-json\/wp\/v2\/types\/product"}],"wp:featuredmedia":[{"embeddable":true,"href":"https:\/\/domainevervier.fr\/en\/wp-json\/wp\/v2\/media\/3938"}],"wp:attachment":[{"href":"https:\/\/domainevervier.fr\/en\/wp-json\/wp\/v2\/media?parent=3794"}],"wp:term":[{"taxonomy":"product_brand","embeddable":true,"href":"https:\/\/domainevervier.fr\/en\/wp-json\/wp\/v2\/product_brand?post=3794"},{"taxonomy":"product_cat","embeddable":true,"href":"https:\/\/domainevervier.fr\/en\/wp-json\/wp\/v2\/product_cat?post=3794"},{"taxonomy":"product_tag","embeddable":true,"href":"https:\/\/domainevervier.fr\/en\/wp-json\/wp\/v2\/product_tag?post=3794"}],"curies":[{"name":"wp","href":"https:\/\/api.w.org\/{rel}","templated":true}]}}